{"id":36,"date":"2013-03-24T23:00:00","date_gmt":"2013-03-24T23:00:00","guid":{"rendered":"http:\/\/www.diversidadreligiosa.com.ar\/blog\/?page_id=36"},"modified":"2016-09-02T17:17:21","modified_gmt":"2016-09-02T20:17:21","slug":"acerca-de-diversa","status":"publish","type":"page","link":"https:\/\/www.diversidadreligiosa.com.ar\/blog\/acerca-de-diversa\/","title":{"rendered":"Acerca de DIVERSA"},"content":{"rendered":"<p style=\"text-align: justify;\"><strong><a href=\"https:\/\/www.diversidadreligiosa.com.ar\/blog\/wp-content\/uploads\/2013\/03\/Diversa1.jpg\" rel=\"lightbox-0\"><img loading=\"lazy\" decoding=\"async\" class=\" wp-image-593 alignleft\" style=\"margin-left: 10px; margin-right: 10px;\" src=\"https:\/\/www.diversidadreligiosa.com.ar\/blog\/wp-content\/uploads\/2013\/03\/Diversa1-300x286.jpg\" alt=\"Diversa\" width=\"144\" height=\"137\" srcset=\"https:\/\/www.diversidadreligiosa.com.ar\/blog\/wp-content\/uploads\/2013\/03\/Diversa1-300x286.jpg 300w, https:\/\/www.diversidadreligiosa.com.ar\/blog\/wp-content\/uploads\/2013\/03\/Diversa1-640x612.jpg 640w, https:\/\/www.diversidadreligiosa.com.ar\/blog\/wp-content\/uploads\/2013\/03\/Diversa1.jpg 643w\" sizes=\"auto, (max-width: 144px) 100vw, 144px\" \/><\/a>DIVERSA<\/strong>\u00a0se propone incentivar y difundir los estudios realizados desde las Ciencias Sociales (principalmente la Antropolog\u00eda y la Sociolog\u00eda) que muestran y analizan la diversidad religiosa.<\/p>\n<p style=\"text-align: justify;\">La\u00a0<b>Red de Estudios de la Diversidad Religiosa en Argentina <\/b>parte del supuesto\u00a0de que la diversidad es una caracter\u00edstica\u00a0<i>constitutiva<\/i>\u00a0y\u00a0<i>principal<\/i>\u00a0de lo que en el pa\u00eds se puede entender, tanto desde la academia como desde el sentido com\u00fan, como \u00abreligiosidad\u00bb, \u00abactividades religiosas\u00bb, \u00abcampo religioso\u00bb o \u00abmercado religioso\u00bb, entre otras tantas denominaciones.\u00a0Propone, por lo tanto, pensar la vida religiosa argentina\u00a0<i>desde un punto de vista alternativo al catolicocentrismo.\u00a0<\/i>El catolicismo es una herramienta m\u00e1s (sin duda importante) de la \u00abcaja de herramientas religiosas\u00bb que utilizan los argentinos, pero dista de ser la \u00fanica y quiz\u00e1s hasta de ser la principal.\u00a0Parte del supuesto que la constataci\u00f3n de una \u00abdiversidad interna\u00bb del \u00abcatolicismo\u00bb (de la Iglesia Cat\u00f3lica), aunque sin duda importante,\u00a0<i>no agota ni explica suficientemente la variedad\u00a0<\/i>de significados, interpretaciones, polisemias, resonancias simb\u00f3licas, experiencias, tipo de relaciones establecidas con el mundo sagrado que forman una parte vital de la vida religiosa de los argentinos. Cree, asimismo, que el \u00e9nfasis inicial en la\u00a0<i>diversidad<\/i>\u00a0<i>religiosa<\/i>\u00a0revela una desconfianza respecto de la\u00a0verdadera dimensi\u00f3n del\u00a0<i>pluralismo<\/i>\u00a0religioso\u00a0(considerado como la valoraci\u00f3n positiva de la primera). Y la\u00a0existencia de un pluralismo religioso efectivo se ve afectado de manera poco estudiada, a\u00fan, por\u00a0<i>regulaciones sociales<\/i>\u00a0y\u00a0<i>gubernamentales<\/i>\u00a0de distinto tipo, de las que a veces la propia academia, atrapada en un\u00a0<i>catolicocentrismo<\/i>\u00a0excesivo, participa.<\/p>\n<p style=\"text-align: justify;\">La gesti\u00f3n social\u00a0de la diversidad religiosa y su invisibilizaci\u00f3n acad\u00e9mica es un tema poco estudiado y al cual la red pretende contribuir. Espera, por ello, proporcionar\u00a0visibilidad\u00a0a la producci\u00f3n acad\u00e9mica centrada en -y que de cierto modo revela- esta diversidad.\u00a0Para ello, considera que<i>\u00a0es necesario trabajar en red y superar los grupos aislados de investigaci\u00f3n poni\u00e9ndolos en di\u00e1logo.<\/i><\/p>\n","protected":false},"excerpt":{"rendered":"<p>DIVERSA\u00a0se propone incentivar y difundir los estudios realizados desde las Ciencias Sociales (principalmente la Antropolog\u00eda y la Sociolog\u00eda) que muestran y analizan la diversidad religiosa. La\u00a0Red de Estudios de la Diversidad Religiosa en Argentina parte del supuesto\u00a0de que la diversidad es una caracter\u00edstica\u00a0constitutiva\u00a0y\u00a0principal\u00a0de lo que en el pa\u00eds se puede entender, tanto desde la academia como desde el sentido com\u00fan, como \u00abreligiosidad\u00bb, \u00abactividades religiosas\u00bb, \u00abcampo religioso\u00bb o \u00abmercado religioso\u00bb, entre otras tantas denominaciones.\u00a0Propone, por lo tanto, pensar la vida religiosa argentina\u00a0desde un punto de vista alternativo al catolicocentrismo.\u00a0El catolicismo es una herramienta m\u00e1s (sin duda importante) de la \u00abcaja de herramientas religiosas\u00bb que utilizan los argentinos, pero dista de ser &hellip; <\/p>\n<p><a href=\"https:\/\/www.diversidadreligiosa.com.ar\/blog\/acerca-de-diversa\/#more-36\" class=\"more-link\">Leer m\u00e1s <span class=\"meta-nav\">&rarr;<\/span><\/a><\/p>\n","protected":false},"author":3,"featured_media":591,"parent":0,"menu_order":0,"comment_status":"closed","ping_status":"closed","template":"","meta":{"_monsterinsights_skip_tracking":false,"_monsterinsights_sitenote_active":false,"_monsterinsights_sitenote_note":"","_monsterinsights_sitenote_category":0,"footnotes":""},"class_list":["post-36","page","type-page","status-publish","has-post-thumbnail","hentry"],"_links":{"self":[{"href":"https:\/\/www.diversidadreligiosa.com.ar\/blog\/wp-json\/wp\/v2\/pages\/36","targetHints":{"allow":["GET"]}}],"collection":[{"href":"https:\/\/www.diversidadreligiosa.com.ar\/blog\/wp-json\/wp\/v2\/pages"}],"about":[{"href":"https:\/\/www.diversidadreligiosa.com.ar\/blog\/wp-json\/wp\/v2\/types\/page"}],"author":[{"embeddable":true,"href":"https:\/\/www.diversidadreligiosa.com.ar\/blog\/wp-json\/wp\/v2\/users\/3"}],"replies":[{"embeddable":true,"href":"https:\/\/www.diversidadreligiosa.com.ar\/blog\/wp-json\/wp\/v2\/comments?post=36"}],"version-history":[{"count":26,"href":"https:\/\/www.diversidadreligiosa.com.ar\/blog\/wp-json\/wp\/v2\/pages\/36\/revisions"}],"predecessor-version":[{"id":3110,"href":"https:\/\/www.diversidadreligiosa.com.ar\/blog\/wp-json\/wp\/v2\/pages\/36\/revisions\/3110"}],"wp:featuredmedia":[{"embeddable":true,"href":"https:\/\/www.diversidadreligiosa.com.ar\/blog\/wp-json\/wp\/v2\/media\/591"}],"wp:attachment":[{"href":"https:\/\/www.diversidadreligiosa.com.ar\/blog\/wp-json\/wp\/v2\/media?parent=36"}],"curies":[{"name":"wp","href":"https:\/\/api.w.org\/{rel}","templated":true}]}}